{"id":10632,"date":"2022-03-09T10:34:23","date_gmt":"2022-03-09T10:34:23","guid":{"rendered":"https:\/\/atcorporative.com\/politica-de-privacidad\/"},"modified":"2022-03-15T16:28:22","modified_gmt":"2022-03-15T16:28:22","slug":"privacy-policy","status":"publish","type":"page","link":"https:\/\/atcorporative.com\/en\/privacy-policy\/","title":{"rendered":"Privacy policy"},"content":{"rendered":"<p>[vc_row bg_type=&#8221;image&#8221; parallax_style=&#8221;vcpb-default&#8221; bg_image_new=&#8221;id^9772|url^https:\/\/atcorporative.com\/wp-content\/uploads\/AdobeStock_168245762-1-scaled.jpeg|caption^null|alt^null|title^Panoramic View of a Mega-City with Traffic at Night|description^null&#8221; bg_image_repeat=&#8221;no-repeat&#8221; bg_img_attach=&#8221;fixed&#8221; bg_override=&#8221;full&#8221; enable_overlay=&#8221;enable_overlay_value&#8221; overlay_color=&#8221;#000000&#8243; overlay_pattern_opacity=&#8221;80&#8243; seperator_enable=&#8221;seperator_enable_value&#8221; seperator_type=&#8221;tilt_left_seperator&#8221; seperator_position=&#8221;bottom_seperator&#8221; seperator_svg_height=&#8221;120&#8243; seperator_shape_background=&#8221;#ffffff&#8221; css=&#8221;.vc_custom_1646821451273{padding-top: 60px !important;padding-bottom: 60px !important;}&#8221;][vc_column]<div class=\"ult-animation  ult-animate-viewport  ult-no-mobile \" data-animate=\"fadeInLeft\" data-animation-delay=\"0.8\" data-animation-duration=\"1\" data-animation-iteration=\"1\" style=\"opacity:0;\" data-opacity_start_effect=\"\"><div class=\"ult-spacer spacer-69ddfc259df51\" data-id=\"69ddfc259df51\" data-height=\"350\" data-height-mobile=\"300\" data-height-tab=\"300\" data-height-tab-portrait=\"\" data-height-mobile-landscape=\"\" style=\"clear:both;display:block;\"><\/div><\/div>[\/vc_column][\/vc_row][vc_row bg_type=&#8221;image&#8221; parallax_style=&#8221;vcpb-default&#8221; bg_image_repeat=&#8221;no-repeat&#8221; bg_image_size=&#8221;contain&#8221; bg_override=&#8221;ex-full&#8221; css=&#8221;.vc_custom_1646742094667{margin-bottom: 0px !important;padding-top: 20px !important;padding-bottom: 0px !important;}&#8221;][vc_column css=&#8221;.vc_custom_1646297854178{margin-bottom: 0px !important;}&#8221;]<div class=\"ult-animation  ult-animate-viewport  ult-no-mobile \" data-animate=\"fadeInRight\" data-animation-delay=\"1\" data-animation-duration=\"1\" data-animation-iteration=\"1\" style=\"opacity:0;\" data-opacity_start_effect=\"\"><div id=\"ultimate-heading-43869ddfc259e5f9\" class=\"uvc-heading ult-adjust-bottom-margin ultimate-heading-43869ddfc259e5f9 uvc-7527 \" data-hspacer=\"line_only\"  data-halign=\"left\" style=\"text-align:left\"><div class=\"uvc-main-heading ult-responsive\"  data-ultimate-target='.uvc-heading.ultimate-heading-43869ddfc259e5f9 h2'  data-responsive-json-new='{\"font-size\":\"desktop:26px;\",\"line-height\":\"desktop:44px;\"}' ><h2 style=\"font-family:&#039;Open Sans&#039;;font-weight:300;color:#000000;\">Privacy policy<\/h2><\/div><div class=\"uvc-heading-spacer line_only\" style=\"topheight:1px;\"><span class=\"uvc-headings-line\" style=\"border-style:solid;border-bottom-width:1px;border-color:#f7a800;width:100px;\"><\/span><\/div><div class=\"uvc-sub-heading ult-responsive\"  data-ultimate-target='.uvc-heading.ultimate-heading-43869ddfc259e5f9 .uvc-sub-heading '  data-responsive-json-new='{\"font-size\":\"desktop:16px;\",\"line-height\":\"desktop:24px;\"}'  style=\"font-family:&#039;Lato&#039;;font-weight:normal;color:#000000;margin-top:1.5em;\"><u><strong>Controller identification<\/strong><\/u><\/p>\n<p>The data provided by the User will be processed by APLICACIONES TECNOL\u00d3GICAS, with registered office in Calle Nicol\u00e1s Cop\u00e9rnico, 4 and tax ID number A-46309688 (from now on the \u201cController\u201d). You can contact the Controller via our e-mail address\u00a0<a href=\"mailto:lopd@at3w.com\">lopd@at3w.com<\/a>\u00a0or telephone number: 96 131 82 50.<\/p>\n<p><u><strong>Purposes<\/strong><\/u><\/p>\n<p>When the users provide us with their personal data on the \u201ccontact\u201d form, the purpose is to manage and answer the inquiries and requests that the users make via this form. To that end, we will store the data the time needed to manage and answer the inquiries and requests of the user.<\/p>\n<p>When the users provide us with their personal data on the \u201cblog comments\u201d form, the purpose is to manage the publication of a comment or opinion in our website\u2019s blog. To that end, we will store the data the time needed to manage the publication in our blog.<\/p>\n<p>We also inform the users that their personal data shall not be placed under automatized decisions or be used for profiling.<\/p>\n<p><u><strong>Legitimation<\/strong><\/u><\/p>\n<p>The legal basis that allows Aplicaciones Tecnol\u00f3gicas to process the users\u2019 personal data is the own consent of the users. They voluntarily consent, on the established forms, the collection and process of the personal data that they have provided us, for the abovementioned purposes.<\/p>\n<p>The users are not obligated to provide their personal data, but in case they do not provide them, it will not be possible to carry out the requested service by the users, such as managing the inquiries or requests or publishing their comment in our Blog.<\/p>\n<p>We inform you that you can withdraw the consent at any time, and it will not affect the lawfulness of the processing previously performed by the Controller.<\/p>\n<p>We also offer details about the purposes of the treatments that the Responsible carries out through the website www.atcorporative.com; This is without prejudice to submit the corresponding information before collecting the data through the relevant form \/ s:<\/p>\n<p>1. Manage the participation of the interested party in the selection processes of the Responsible for which his profile could be of interest.<\/p>\n<p>1.1. Conservation term: two (2) years.<\/p>\n<p>1.2. Legal basis: Consent of the interested party.<\/p>\n<p>2. Respond to the questions that the interested party sends to the Responsible.<\/p>\n<p>2.1. Term of conservation: The data will be preserved until the question posed by the interested party is resolved.<\/p>\n<p>2.2. Legal basis: Consent of the interested party.<\/p>\n<p>3. Manage the subscription of the interested to our newsletter and other commercial information.<\/p>\n<p>3.1. Term of conservation: The personal data provided will be conserved, as long as the deletion is not requested by the interested party.<\/p>\n<p>3.2. Legal basis: Consent of the interested party.<\/p>\n<p>4. Manage the participation of the interested party in the training courses offered by the Responsible.<\/p>\n<p>We inform you that you can withdraw the consent given at any time, without affecting the legality of the treatment carried out previously by the Responsible.<\/p>\n<p><u><strong>Addressees<\/strong><\/u><\/p>\n<p>The responsible hires the services of third parties in order to offer their services. To be more specific, the responsible has subscribed some agreements with the following service providers:<\/p>\n<ul>\n<li>ACENS. Telef\u00f3nica Soluciones de Inform\u00e1tica y Comunicaciones de Espa\u00f1a, S.A.U. Ronda de la Comunicaci\u00f3n S\/N Distrito C Edificio Norte 2 28050 Madrid Espa\u00f1a, as an email provider.<\/li>\n<li>Aidimme, Metalworking Technological Institute, Furniture, Wood, Packing and Allied. C \/ Benjam\u00edn Franklin 13, 46980 Paterna Valencia, as a web hosting provider.<\/li>\n<\/ul>\n<p>The Controller does not foresee to transfer or communicate data to third parties. In case it were necessary to transfer or communicate personal data, to manage the inquiry or request that have been sent to us on our contact form, the persons concerned will be informed and their consent will be requested.<\/p>\n<p>The Controller does not foresee either to make international transfers of personal data provided by our users.<\/p>\n<p><u><strong>Rights<\/strong><\/u><\/p>\n<p>We inform the users that have provided their personal data that they are entitled for the following rights:<\/p>\n<ol>\n<li>Right to access<\/li>\n<li>Right to rectify o decline the access<\/li>\n<li>Right to limit the treatment<\/li>\n<li>Portability right<\/li>\n<li>Opposition right<\/li>\n<li>Right to decline the consent<\/li>\n<\/ol>\n<p>The users will be able to withdraw the consent for the processing of their personal data at any moment, as well as to make a claim before the Spanish Data Protection Agency in the case they consider that their rights have been violated or not properly secured.<\/p>\n<p>The abovementioned rights will be effectively exercised after sending an e-mail to\u00a0<a href=\"mailto:lopd@at3w.com\">lopd@at3w.com<\/a>\u00a0. attaching an ID copy, so that you can be identified, and clearly expressing which right you would like to exercise.<\/p>\n<p>Additionally, we inform you about the possibility of submitting a claim to the competent Control Authority, in this case, the Spanish Agency for Data Protection, especially if you have not obtained satisfaction in the exercise of your rights. You can contact the Spanish Agency for Data Protection through their telephones 901 100 099 and 912 663 517 or by visiting them at their address C\/ Jorge Juan, 6. 28001 \u2013 Madrid.<\/p>\n<p><u><strong>Origin of the data<\/strong><\/u><\/p>\n<p>All the data collected come from the interested party.<\/div><\/div><div class=\"ult-spacer spacer-69ddfc259e827\" data-id=\"69ddfc259e827\" data-height=\"10\" data-height-mobile=\"10\" data-height-tab=\"10\" data-height-tab-portrait=\"\" data-height-mobile-landscape=\"\" style=\"clear:both;display:block;\"><\/div><\/div>[\/vc_column][\/vc_row]<\/p>\n","protected":false},"excerpt":{"rendered":"<p>[vc_row bg_type=&#8221;image&#8221; parallax_style=&#8221;vcpb-default&#8221; bg_image_new=&#8221;id^9772|url^https:\/\/atcorporative.com\/wp-content\/uploads\/AdobeStock_168245762-1-scaled.jpeg|caption^null|alt^null|title^Panoramic View of a Mega-City with Traffic at Night|description^null&#8221; bg_image_repeat=&#8221;no-repeat&#8221; bg_img_attach=&#8221;fixed&#8221; bg_override=&#8221;full&#8221; enable_overlay=&#8221;enable_overlay_value&#8221; overlay_color=&#8221;#000000&#8243; overlay_pattern_opacity=&#8221;80&#8243; seperator_enable=&#8221;seperator_enable_value&#8221; seperator_type=&#8221;tilt_left_seperator&#8221; seperator_position=&#8221;bottom_seperator&#8221; seperator_svg_height=&#8221;120&#8243; seperator_shape_background=&#8221;#ffffff&#8221; css=&#8221;.vc_custom_1646821451273{padding-top: 60px !important;padding-bottom: 60px !important;}&#8221;][vc_column][\/vc_column][\/vc_row][vc_row bg_type=&#8221;image&#8221; parallax_style=&#8221;vcpb-default&#8221; bg_image_repeat=&#8221;no-repeat&#8221; bg_image_size=&#8221;contain&#8221; bg_override=&#8221;ex-full&#8221; css=&#8221;.vc_custom_1646742094667{margin-bottom: 0px !important;padding-top: 20px !important;padding-bottom: 0px !important;}&#8221;][vc_column css=&#8221;.vc_custom_1646297854178{margin-bottom: 0px !important;}&#8221;][\/vc_column][\/vc_row]<\/p>\n","protected":false},"author":2,"featured_media":0,"parent":0,"menu_order":0,"comment_status":"closed","ping_status":"closed","template":"","meta":{"inline_featured_image":false,"footnotes":""},"class_list":["post-10632","page","type-page","status-publish","hentry"],"yoast_head":"<!-- This site is optimized with the Yoast SEO Premium plugin v25.5 (Yoast SEO v25.5) - https:\/\/yoast.com\/wordpress\/plugins\/seo\/ -->\n<title>Privacy policy - AT Corporative<\/title>\n<meta name=\"robots\" content=\"index, follow, max-snippet:-1, max-image-preview:large, max-video-preview:-1\" \/>\n<link rel=\"canonical\" href=\"https:\/\/atcorporative.com\/en\/privacy-policy\/\" \/>\n<meta property=\"og:locale\" content=\"en_US\" \/>\n<meta property=\"og:type\" content=\"article\" \/>\n<meta property=\"og:title\" content=\"Privacy policy\" \/>\n<meta property=\"og:description\" content=\"[vc_row bg_type=&#8221;image&#8221; parallax_style=&#8221;vcpb-default&#8221; bg_image_new=&#8221;id^9772|url^https:\/\/atcorporative.com\/wp-content\/uploads\/AdobeStock_168245762-1-scaled.jpeg|caption^null|alt^null|title^Panoramic View of a Mega-City with Traffic at Night|description^null&#8221; bg_image_repeat=&#8221;no-repeat&#8221; bg_img_attach=&#8221;fixed&#8221; bg_override=&#8221;full&#8221; enable_overlay=&#8221;enable_overlay_value&#8221; overlay_color=&#8221;#000000&#8243; overlay_pattern_opacity=&#8221;80&#8243; seperator_enable=&#8221;seperator_enable_value&#8221; seperator_type=&#8221;tilt_left_seperator&#8221; seperator_position=&#8221;bottom_seperator&#8221; seperator_svg_height=&#8221;120&#8243; seperator_shape_background=&#8221;#ffffff&#8221; css=&#8221;.vc_custom_1646821451273{padding-top: 60px !important;padding-bottom: 60px !important;}&#8221;][vc_column][\/vc_column][\/vc_row][vc_row bg_type=&#8221;image&#8221; parallax_style=&#8221;vcpb-default&#8221; bg_image_repeat=&#8221;no-repeat&#8221; bg_image_size=&#8221;contain&#8221; bg_override=&#8221;ex-full&#8221; css=&#8221;.vc_custom_1646742094667{margin-bottom: 0px !important;padding-top: 20px !important;padding-bottom: 0px !important;}&#8221;][vc_column css=&#8221;.vc_custom_1646297854178{margin-bottom: 0px !important;}&#8221;][\/vc_column][\/vc_row]\" \/>\n<meta property=\"og:url\" content=\"https:\/\/atcorporative.com\/en\/privacy-policy\/\" \/>\n<meta property=\"og:site_name\" content=\"AT Corporative\" \/>\n<meta property=\"article:modified_time\" content=\"2022-03-15T16:28:22+00:00\" \/>\n<meta name=\"twitter:card\" content=\"summary_large_image\" \/>\n<meta name=\"twitter:label1\" content=\"Est. reading time\" \/>\n\t<meta name=\"twitter:data1\" content=\"5 minutes\" \/>\n<script type=\"application\/ld+json\" class=\"yoast-schema-graph\">{\"@context\":\"https:\/\/schema.org\",\"@graph\":[{\"@type\":\"WebPage\",\"@id\":\"https:\/\/atcorporative.com\/en\/privacy-policy\/\",\"url\":\"https:\/\/atcorporative.com\/en\/privacy-policy\/\",\"name\":\"Privacy policy - AT Corporative\",\"isPartOf\":{\"@id\":\"https:\/\/atcorporative.com\/en\/#website\"},\"datePublished\":\"2022-03-09T10:34:23+00:00\",\"dateModified\":\"2022-03-15T16:28:22+00:00\",\"breadcrumb\":{\"@id\":\"https:\/\/atcorporative.com\/en\/privacy-policy\/#breadcrumb\"},\"inLanguage\":\"en-US\",\"potentialAction\":[{\"@type\":\"ReadAction\",\"target\":[\"https:\/\/atcorporative.com\/en\/privacy-policy\/\"]}]},{\"@type\":\"BreadcrumbList\",\"@id\":\"https:\/\/atcorporative.com\/en\/privacy-policy\/#breadcrumb\",\"itemListElement\":[{\"@type\":\"ListItem\",\"position\":1,\"name\":\"Portada\",\"item\":\"https:\/\/atcorporative.com\/en\/work-with-us\/\"},{\"@type\":\"ListItem\",\"position\":2,\"name\":\"Privacy policy\"}]},{\"@type\":\"WebSite\",\"@id\":\"https:\/\/atcorporative.com\/en\/#website\",\"url\":\"https:\/\/atcorporative.com\/en\/\",\"name\":\"AT Corporative\",\"description\":\"En Aplicaciones Tecnol\u00f3gicas buscamos personas con actitud positiva y proactiva que, integr\u00e1ndose en nuestro equipo.\",\"potentialAction\":[{\"@type\":\"SearchAction\",\"target\":{\"@type\":\"EntryPoint\",\"urlTemplate\":\"https:\/\/atcorporative.com\/en\/?s={search_term_string}\"},\"query-input\":{\"@type\":\"PropertyValueSpecification\",\"valueRequired\":true,\"valueName\":\"search_term_string\"}}],\"inLanguage\":\"en-US\"}]}<\/script>\n<!-- \/ Yoast SEO Premium plugin. -->","yoast_head_json":{"title":"Privacy policy - AT Corporative","robots":{"index":"index","follow":"follow","max-snippet":"max-snippet:-1","max-image-preview":"max-image-preview:large","max-video-preview":"max-video-preview:-1"},"canonical":"https:\/\/atcorporative.com\/en\/privacy-policy\/","og_locale":"en_US","og_type":"article","og_title":"Privacy policy","og_description":"[vc_row bg_type=&#8221;image&#8221; parallax_style=&#8221;vcpb-default&#8221; bg_image_new=&#8221;id^9772|url^https:\/\/atcorporative.com\/wp-content\/uploads\/AdobeStock_168245762-1-scaled.jpeg|caption^null|alt^null|title^Panoramic View of a Mega-City with Traffic at Night|description^null&#8221; bg_image_repeat=&#8221;no-repeat&#8221; bg_img_attach=&#8221;fixed&#8221; bg_override=&#8221;full&#8221; enable_overlay=&#8221;enable_overlay_value&#8221; overlay_color=&#8221;#000000&#8243; overlay_pattern_opacity=&#8221;80&#8243; seperator_enable=&#8221;seperator_enable_value&#8221; seperator_type=&#8221;tilt_left_seperator&#8221; seperator_position=&#8221;bottom_seperator&#8221; seperator_svg_height=&#8221;120&#8243; seperator_shape_background=&#8221;#ffffff&#8221; css=&#8221;.vc_custom_1646821451273{padding-top: 60px !important;padding-bottom: 60px !important;}&#8221;][vc_column][\/vc_column][\/vc_row][vc_row bg_type=&#8221;image&#8221; parallax_style=&#8221;vcpb-default&#8221; bg_image_repeat=&#8221;no-repeat&#8221; bg_image_size=&#8221;contain&#8221; bg_override=&#8221;ex-full&#8221; css=&#8221;.vc_custom_1646742094667{margin-bottom: 0px !important;padding-top: 20px !important;padding-bottom: 0px !important;}&#8221;][vc_column css=&#8221;.vc_custom_1646297854178{margin-bottom: 0px !important;}&#8221;][\/vc_column][\/vc_row]","og_url":"https:\/\/atcorporative.com\/en\/privacy-policy\/","og_site_name":"AT Corporative","article_modified_time":"2022-03-15T16:28:22+00:00","twitter_card":"summary_large_image","twitter_misc":{"Est. reading time":"5 minutes"},"schema":{"@context":"https:\/\/schema.org","@graph":[{"@type":"WebPage","@id":"https:\/\/atcorporative.com\/en\/privacy-policy\/","url":"https:\/\/atcorporative.com\/en\/privacy-policy\/","name":"Privacy policy - AT Corporative","isPartOf":{"@id":"https:\/\/atcorporative.com\/en\/#website"},"datePublished":"2022-03-09T10:34:23+00:00","dateModified":"2022-03-15T16:28:22+00:00","breadcrumb":{"@id":"https:\/\/atcorporative.com\/en\/privacy-policy\/#breadcrumb"},"inLanguage":"en-US","potentialAction":[{"@type":"ReadAction","target":["https:\/\/atcorporative.com\/en\/privacy-policy\/"]}]},{"@type":"BreadcrumbList","@id":"https:\/\/atcorporative.com\/en\/privacy-policy\/#breadcrumb","itemListElement":[{"@type":"ListItem","position":1,"name":"Portada","item":"https:\/\/atcorporative.com\/en\/work-with-us\/"},{"@type":"ListItem","position":2,"name":"Privacy policy"}]},{"@type":"WebSite","@id":"https:\/\/atcorporative.com\/en\/#website","url":"https:\/\/atcorporative.com\/en\/","name":"AT Corporative","description":"En Aplicaciones Tecnol\u00f3gicas buscamos personas con actitud positiva y proactiva que, integr\u00e1ndose en nuestro equipo.","potentialAction":[{"@type":"SearchAction","target":{"@type":"EntryPoint","urlTemplate":"https:\/\/atcorporative.com\/en\/?s={search_term_string}"},"query-input":{"@type":"PropertyValueSpecification","valueRequired":true,"valueName":"search_term_string"}}],"inLanguage":"en-US"}]}},"_links":{"self":[{"href":"https:\/\/atcorporative.com\/en\/wp-json\/wp\/v2\/pages\/10632","targetHints":{"allow":["GET"]}}],"collection":[{"href":"https:\/\/atcorporative.com\/en\/wp-json\/wp\/v2\/pages"}],"about":[{"href":"https:\/\/atcorporative.com\/en\/wp-json\/wp\/v2\/types\/page"}],"author":[{"embeddable":true,"href":"https:\/\/atcorporative.com\/en\/wp-json\/wp\/v2\/users\/2"}],"replies":[{"embeddable":true,"href":"https:\/\/atcorporative.com\/en\/wp-json\/wp\/v2\/comments?post=10632"}],"version-history":[{"count":4,"href":"https:\/\/atcorporative.com\/en\/wp-json\/wp\/v2\/pages\/10632\/revisions"}],"predecessor-version":[{"id":10634,"href":"https:\/\/atcorporative.com\/en\/wp-json\/wp\/v2\/pages\/10632\/revisions\/10634"}],"wp:attachment":[{"href":"https:\/\/atcorporative.com\/en\/wp-json\/wp\/v2\/media?parent=10632"}],"curies":[{"name":"wp","href":"https:\/\/api.w.org\/{rel}","templated":true}]}}